{"id":8,"date":"2021-12-17T09:06:27","date_gmt":"2021-12-17T08:06:27","guid":{"rendered":"https:\/\/riversea.pl\/?page_id=8"},"modified":"2024-10-21T08:21:18","modified_gmt":"2024-10-21T06:21:18","slug":"o-nas","status":"publish","type":"page","link":"https:\/\/orlinek.com\/en\/","title":{"rendered":"About"},"content":{"rendered":"","protected":false},"excerpt":{"rendered":"","protected":false},"author":3,"featured_media":1658,"parent":0,"menu_order":0,"comment_status":"closed","ping_status":"closed","template":"","meta":{"_acf_changed":false,"footnotes":""},"class_list":["post-8","page","type-page","status-publish","has-post-thumbnail","hentry"],"acf":[],"yoast_head":"<!-- This site is optimized with the Yoast SEO plugin v23.3 - https:\/\/yoast.com\/wordpress\/plugins\/seo\/ -->\n<title>O nas - Orlinek - Wie\u017ca Widokowa w Karpaczu<\/title>\n<meta name=\"description\" content=\"Odkryj Skoczni\u0119 Orlinek w Karpaczu \u2013 unikaln\u0105 wie\u017c\u0119 widokow\u0105 oferuj\u0105c\u0105 spektakularne widoki na Karkonosze. Poznaj fascynuj\u0105c\u0105 histori\u0119 skoczni narciarskiej, sprawd\u017a cennik bilet\u00f3w oraz dowiedz si\u0119, jakie atrakcje czekaj\u0105 na Ciebie podczas wizyty. Idealne miejsce dla mi\u0142o\u015bnik\u00f3w przyrody i historii!\" \/>\n<meta name=\"robots\" content=\"index, follow, max-snippet:-1, max-image-preview:large, max-video-preview:-1\" \/>\n<link rel=\"canonical\" href=\"https:\/\/orlinek.com\/en\/\" \/>\n<meta property=\"og:locale\" content=\"en_GB\" \/>\n<meta property=\"og:type\" content=\"article\" \/>\n<meta property=\"og:title\" content=\"O nas - Orlinek - Wie\u017ca Widokowa w Karpaczu\" \/>\n<meta property=\"og:description\" content=\"Odkryj Skoczni\u0119 Orlinek w Karpaczu \u2013 unikaln\u0105 wie\u017c\u0119 widokow\u0105 oferuj\u0105c\u0105 spektakularne widoki na Karkonosze. Poznaj fascynuj\u0105c\u0105 histori\u0119 skoczni narciarskiej, sprawd\u017a cennik bilet\u00f3w oraz dowiedz si\u0119, jakie atrakcje czekaj\u0105 na Ciebie podczas wizyty. Idealne miejsce dla mi\u0142o\u015bnik\u00f3w przyrody i historii!\" \/>\n<meta property=\"og:url\" content=\"https:\/\/orlinek.com\/en\/\" \/>\n<meta property=\"og:site_name\" content=\"Orlinek\" \/>\n<meta property=\"article:publisher\" content=\"https:\/\/www.facebook.com\/riverseaapartamenty\" \/>\n<meta property=\"article:modified_time\" content=\"2024-10-21T06:21:18+00:00\" \/>\n<meta property=\"og:image\" content=\"https:\/\/orlinek.com\/wp-content\/uploads\/2024\/09\/cropped-icon-orlinek_Obszar-roboczy-1.png\" \/>\n\t<meta property=\"og:image:width\" content=\"512\" \/>\n\t<meta property=\"og:image:height\" content=\"512\" \/>\n\t<meta property=\"og:image:type\" content=\"image\/png\" \/>\n<meta name=\"twitter:card\" content=\"summary_large_image\" \/>\n<meta name=\"twitter:title\" content=\"River Sea Apartamenty\" \/>\n<meta name=\"twitter:description\" content=\"Riversea apartamenty to nowoczesne apartamenty o wysokim standardzie i wyj\u0105tkowym klimacie. Tworzone s\u0105 z dusz\u0105 i pasj\u0105 tak, aby ka\u017cdy Go\u015b\u0107 czu\u0142 si\u0119 wyj\u0105tkowo. W naszych dw\u00f3ch miejscowo\u015bciach pomorza zachodniego , w jakich znajduj\u0105 si\u0119 apartamenty, ka\u017cdy znajdzie co\u015b dla siebie. Oferujemy nocleg w znakomitej lokalizacji sk\u0105d jest bardzo blisko do szerokich pla\u017c, wody, teren\u00f3w zielonych czy centrum.\" \/>\n<meta name=\"twitter:label1\" content=\"Estimated reading time\" \/>\n\t<meta name=\"twitter:data1\" content=\"7 minutes\" \/>\n<script type=\"application\/ld+json\" class=\"yoast-schema-graph\">{\"@context\":\"https:\/\/schema.org\",\"@graph\":[{\"@type\":\"WebPage\",\"@id\":\"https:\/\/orlinek.com\/\",\"url\":\"https:\/\/orlinek.com\/\",\"name\":\"O nas - Orlinek - Wie\u017ca Widokowa w Karpaczu\",\"isPartOf\":{\"@id\":\"https:\/\/orlinek.com\/#website\"},\"primaryImageOfPage\":{\"@id\":\"https:\/\/orlinek.com\/#primaryimage\"},\"image\":{\"@id\":\"https:\/\/orlinek.com\/#primaryimage\"},\"thumbnailUrl\":\"https:\/\/orlinek.com\/wp-content\/uploads\/2024\/09\/cropped-icon-orlinek_Obszar-roboczy-1.png\",\"datePublished\":\"2021-12-17T08:06:27+00:00\",\"dateModified\":\"2024-10-21T06:21:18+00:00\",\"description\":\"Odkryj Skoczni\u0119 Orlinek w Karpaczu \u2013 unikaln\u0105 wie\u017c\u0119 widokow\u0105 oferuj\u0105c\u0105 spektakularne widoki na Karkonosze. Poznaj fascynuj\u0105c\u0105 histori\u0119 skoczni narciarskiej, sprawd\u017a cennik bilet\u00f3w oraz dowiedz si\u0119, jakie atrakcje czekaj\u0105 na Ciebie podczas wizyty. Idealne miejsce dla mi\u0142o\u015bnik\u00f3w przyrody i historii!\",\"breadcrumb\":{\"@id\":\"https:\/\/orlinek.com\/#breadcrumb\"},\"inLanguage\":\"en-GB\",\"potentialAction\":[{\"@type\":\"ReadAction\",\"target\":[\"https:\/\/orlinek.com\/\"]}]},{\"@type\":\"ImageObject\",\"inLanguage\":\"en-GB\",\"@id\":\"https:\/\/orlinek.com\/#primaryimage\",\"url\":\"https:\/\/orlinek.com\/wp-content\/uploads\/2024\/09\/cropped-icon-orlinek_Obszar-roboczy-1.png\",\"contentUrl\":\"https:\/\/orlinek.com\/wp-content\/uploads\/2024\/09\/cropped-icon-orlinek_Obszar-roboczy-1.png\",\"width\":512,\"height\":512},{\"@type\":\"BreadcrumbList\",\"@id\":\"https:\/\/orlinek.com\/#breadcrumb\",\"itemListElement\":[{\"@type\":\"ListItem\",\"position\":1,\"name\":\"Strona g\u0142\u00f3wna\",\"item\":\"https:\/\/orlinek.com\/\"},{\"@type\":\"ListItem\",\"position\":2,\"name\":\"O nas\"}]},{\"@type\":\"WebSite\",\"@id\":\"https:\/\/orlinek.com\/#website\",\"url\":\"https:\/\/orlinek.com\/\",\"name\":\"Orlinek\",\"description\":\"Wie\u017ca Widokowa w Karpaczu\",\"publisher\":{\"@id\":\"https:\/\/orlinek.com\/#organization\"},\"potentialAction\":[{\"@type\":\"SearchAction\",\"target\":{\"@type\":\"EntryPoint\",\"urlTemplate\":\"https:\/\/orlinek.com\/?s={search_term_string}\"},\"query-input\":\"required name=search_term_string\"}],\"inLanguage\":\"en-GB\"},{\"@type\":\"Organization\",\"@id\":\"https:\/\/orlinek.com\/#organization\",\"name\":\"Orlinek\",\"url\":\"https:\/\/orlinek.com\/\",\"logo\":{\"@type\":\"ImageObject\",\"inLanguage\":\"en-GB\",\"@id\":\"https:\/\/orlinek.com\/#\/schema\/logo\/image\/\",\"url\":\"https:\/\/nerohome.nfhotel.usermd.net\/wp-content\/uploads\/2022\/10\/Logo-River-Sea.png\",\"contentUrl\":\"https:\/\/nerohome.nfhotel.usermd.net\/wp-content\/uploads\/2022\/10\/Logo-River-Sea.png\",\"width\":256,\"height\":154,\"caption\":\"Orlinek\"},\"image\":{\"@id\":\"https:\/\/orlinek.com\/#\/schema\/logo\/image\/\"},\"sameAs\":[\"https:\/\/www.facebook.com\/riverseaapartamenty\"]}]}<\/script>\n<!-- \/ Yoast SEO plugin. -->","yoast_head_json":{"title":"O nas - Orlinek - Wie\u017ca Widokowa w Karpaczu","description":"Odkryj Skoczni\u0119 Orlinek w Karpaczu \u2013 unikaln\u0105 wie\u017c\u0119 widokow\u0105 oferuj\u0105c\u0105 spektakularne widoki na Karkonosze. Poznaj fascynuj\u0105c\u0105 histori\u0119 skoczni narciarskiej, sprawd\u017a cennik bilet\u00f3w oraz dowiedz si\u0119, jakie atrakcje czekaj\u0105 na Ciebie podczas wizyty. Idealne miejsce dla mi\u0142o\u015bnik\u00f3w przyrody i historii!","robots":{"index":"index","follow":"follow","max-snippet":"max-snippet:-1","max-image-preview":"max-image-preview:large","max-video-preview":"max-video-preview:-1"},"canonical":"https:\/\/orlinek.com\/en\/","og_locale":"en_GB","og_type":"article","og_title":"O nas - Orlinek - Wie\u017ca Widokowa w Karpaczu","og_description":"Odkryj Skoczni\u0119 Orlinek w Karpaczu \u2013 unikaln\u0105 wie\u017c\u0119 widokow\u0105 oferuj\u0105c\u0105 spektakularne widoki na Karkonosze. Poznaj fascynuj\u0105c\u0105 histori\u0119 skoczni narciarskiej, sprawd\u017a cennik bilet\u00f3w oraz dowiedz si\u0119, jakie atrakcje czekaj\u0105 na Ciebie podczas wizyty. Idealne miejsce dla mi\u0142o\u015bnik\u00f3w przyrody i historii!","og_url":"https:\/\/orlinek.com\/en\/","og_site_name":"Orlinek","article_publisher":"https:\/\/www.facebook.com\/riverseaapartamenty","article_modified_time":"2024-10-21T06:21:18+00:00","og_image":[{"width":512,"height":512,"url":"https:\/\/orlinek.com\/wp-content\/uploads\/2024\/09\/cropped-icon-orlinek_Obszar-roboczy-1.png","type":"image\/png"}],"twitter_card":"summary_large_image","twitter_title":"River Sea Apartamenty","twitter_description":"Riversea apartamenty to nowoczesne apartamenty o wysokim standardzie i wyj\u0105tkowym klimacie. Tworzone s\u0105 z dusz\u0105 i pasj\u0105 tak, aby ka\u017cdy Go\u015b\u0107 czu\u0142 si\u0119 wyj\u0105tkowo. W naszych dw\u00f3ch miejscowo\u015bciach pomorza zachodniego , w jakich znajduj\u0105 si\u0119 apartamenty, ka\u017cdy znajdzie co\u015b dla siebie. Oferujemy nocleg w znakomitej lokalizacji sk\u0105d jest bardzo blisko do szerokich pla\u017c, wody, teren\u00f3w zielonych czy centrum.","twitter_misc":{"Estimated reading time":"7 minutes"},"schema":{"@context":"https:\/\/schema.org","@graph":[{"@type":"WebPage","@id":"https:\/\/orlinek.com\/","url":"https:\/\/orlinek.com\/","name":"O nas - Orlinek - Wie\u017ca Widokowa w Karpaczu","isPartOf":{"@id":"https:\/\/orlinek.com\/#website"},"primaryImageOfPage":{"@id":"https:\/\/orlinek.com\/#primaryimage"},"image":{"@id":"https:\/\/orlinek.com\/#primaryimage"},"thumbnailUrl":"https:\/\/orlinek.com\/wp-content\/uploads\/2024\/09\/cropped-icon-orlinek_Obszar-roboczy-1.png","datePublished":"2021-12-17T08:06:27+00:00","dateModified":"2024-10-21T06:21:18+00:00","description":"Odkryj Skoczni\u0119 Orlinek w Karpaczu \u2013 unikaln\u0105 wie\u017c\u0119 widokow\u0105 oferuj\u0105c\u0105 spektakularne widoki na Karkonosze. Poznaj fascynuj\u0105c\u0105 histori\u0119 skoczni narciarskiej, sprawd\u017a cennik bilet\u00f3w oraz dowiedz si\u0119, jakie atrakcje czekaj\u0105 na Ciebie podczas wizyty. Idealne miejsce dla mi\u0142o\u015bnik\u00f3w przyrody i historii!","breadcrumb":{"@id":"https:\/\/orlinek.com\/#breadcrumb"},"inLanguage":"en-GB","potentialAction":[{"@type":"ReadAction","target":["https:\/\/orlinek.com\/"]}]},{"@type":"ImageObject","inLanguage":"en-GB","@id":"https:\/\/orlinek.com\/#primaryimage","url":"https:\/\/orlinek.com\/wp-content\/uploads\/2024\/09\/cropped-icon-orlinek_Obszar-roboczy-1.png","contentUrl":"https:\/\/orlinek.com\/wp-content\/uploads\/2024\/09\/cropped-icon-orlinek_Obszar-roboczy-1.png","width":512,"height":512},{"@type":"BreadcrumbList","@id":"https:\/\/orlinek.com\/#breadcrumb","itemListElement":[{"@type":"ListItem","position":1,"name":"Strona g\u0142\u00f3wna","item":"https:\/\/orlinek.com\/"},{"@type":"ListItem","position":2,"name":"O nas"}]},{"@type":"WebSite","@id":"https:\/\/orlinek.com\/#website","url":"https:\/\/orlinek.com\/","name":"Orlinek","description":"Wie\u017ca Widokowa w Karpaczu","publisher":{"@id":"https:\/\/orlinek.com\/#organization"},"potentialAction":[{"@type":"SearchAction","target":{"@type":"EntryPoint","urlTemplate":"https:\/\/orlinek.com\/?s={search_term_string}"},"query-input":"required name=search_term_string"}],"inLanguage":"en-GB"},{"@type":"Organization","@id":"https:\/\/orlinek.com\/#organization","name":"Orlinek","url":"https:\/\/orlinek.com\/","logo":{"@type":"ImageObject","inLanguage":"en-GB","@id":"https:\/\/orlinek.com\/#\/schema\/logo\/image\/","url":"https:\/\/nerohome.nfhotel.usermd.net\/wp-content\/uploads\/2022\/10\/Logo-River-Sea.png","contentUrl":"https:\/\/nerohome.nfhotel.usermd.net\/wp-content\/uploads\/2022\/10\/Logo-River-Sea.png","width":256,"height":154,"caption":"Orlinek"},"image":{"@id":"https:\/\/orlinek.com\/#\/schema\/logo\/image\/"},"sameAs":["https:\/\/www.facebook.com\/riverseaapartamenty"]}]}},"_links":{"self":[{"href":"https:\/\/orlinek.com\/en\/wp-json\/wp\/v2\/pages\/8"}],"collection":[{"href":"https:\/\/orlinek.com\/en\/wp-json\/wp\/v2\/pages"}],"about":[{"href":"https:\/\/orlinek.com\/en\/wp-json\/wp\/v2\/types\/page"}],"author":[{"embeddable":true,"href":"https:\/\/orlinek.com\/en\/wp-json\/wp\/v2\/users\/3"}],"replies":[{"embeddable":true,"href":"https:\/\/orlinek.com\/en\/wp-json\/wp\/v2\/comments?post=8"}],"version-history":[{"count":155,"href":"https:\/\/orlinek.com\/en\/wp-json\/wp\/v2\/pages\/8\/revisions"}],"predecessor-version":[{"id":1723,"href":"https:\/\/orlinek.com\/en\/wp-json\/wp\/v2\/pages\/8\/revisions\/1723"}],"wp:featuredmedia":[{"embeddable":true,"href":"https:\/\/orlinek.com\/en\/wp-json\/wp\/v2\/media\/1658"}],"wp:attachment":[{"href":"https:\/\/orlinek.com\/en\/wp-json\/wp\/v2\/media?parent=8"}],"curies":[{"name":"wp","href":"https:\/\/api.w.org\/{rel}","templated":true}]}}